{"id":78,"date":"2023-09-12T11:34:42","date_gmt":"2023-09-12T09:34:42","guid":{"rendered":"https:\/\/www.vm-info.fr\/?page_id=78"},"modified":"2023-09-12T16:09:07","modified_gmt":"2023-09-12T14:09:07","slug":"nos-competences","status":"publish","type":"page","link":"https:\/\/www.vm-info.fr\/index.php\/nos-competences\/","title":{"rendered":"Nos competences"},"content":{"rendered":"\n<h2 class=\"wp-block-heading\">Nous sommes sp\u00e9cialistes R\u00e9seau et s\u00e9curit\u00e9<\/h2>\n\n\n\n<p>Nous sommes habilit\u00e9 \u00e0 analyser votre r\u00e9seau, pour cela nous effectuons un audit des ressources et une analyse fonctionnelle de celui ci avant toute intervention, nous d\u00e9tectons ainsi&nbsp;&nbsp;les n\u0153uds et les machines pouvant ralentir l\u2019utilisation au quotidien, suite \u00e0 ce diagnostique nous pouvons :<\/p>\n\n\n\n<ul class=\"wp-block-list\">\n<li>D\u00e9terminer le type de r\u00e9seau le plus appropri\u00e9 \u00e0 vos besoins.\n<ul class=\"wp-block-list\">\n<li>R\u00e9seau c\u00e2bl\u00e9.<\/li>\n\n\n\n<li>R\u00e9seau sans fil<\/li>\n\n\n\n<li>r\u00e9seau 3G ou Bluetooth<\/li>\n<\/ul>\n<\/li>\n\n\n\n<li>Mettre en place le r\u00e9seau local choisi.<\/li>\n\n\n\n<li>Fournir le mat\u00e9riel n\u00e9cessaire.<\/li>\n<\/ul>\n\n\n\n<h4 class=\"wp-block-heading\">VM info peut&nbsp; tout simplement faire \u00e9voluer votre r\u00e9seau local actuel.<\/h4>\n\n\n\n<p>Nous proposons d\u2019\u00e9voluer vers la norme gigabit, d\u2019isoler vos r\u00e9seaux, pour s\u00e9parer<\/p>\n\n\n<div class=\"wp-block-image\">\n<figure class=\"aligncenter\"><img decoding=\"async\" src=\"http:\/\/www.tmls.fr\/wp-content\/uploads\/Switch.png\" alt=\"Switch R\u00e9seau\" class=\"wp-image-263\" title=\"Switch R\u00e9seau\"\/><\/figure>\n<\/div>\n\n\n<p>Pour cela comme chacun le sait, l\u2019informatique \u00e9volue tous les jours, ce qui nous am\u00e8ne a nous former tout le temps :<\/p>\n\n\n\n<p>Nous sommes certifi\u00e9s chez les sp\u00e9cialistes de la s\u00e9curit\u00e9 :<\/p>\n\n\n\n<ul class=\"wp-block-list\">\n<li>R\u00e9seaux :\n<ul class=\"wp-block-list\">\n<li>Netasq :&nbsp; Certifi\u00e9 Expert<\/li>\n\n\n\n<li>Cisco : CCNA academy<\/li>\n<\/ul>\n<\/li>\n\n\n\n<li>Sauvegarde des donn\u00e9es :\n<ul class=\"wp-block-list\">\n<li>Acronis : Acronis Partenaire acronis authorized<\/li>\n\n\n\n<li>Syonology<\/li>\n<\/ul>\n<\/li>\n\n\n\n<li>Antivirus :\n<ul class=\"wp-block-list\">\n<li>Fsecure<\/li>\n\n\n\n<li>Bitdefender<\/li>\n<\/ul>\n<\/li>\n\n\n\n<li>Cryptage des donn\u00e9es :\n<ul class=\"wp-block-list\">\n<li>prim\u2019x<\/li>\n<\/ul>\n<\/li>\n<\/ul>\n\n\n\n<p>Nous revendons et installons ses solutions de s\u00e9curit\u00e9 car nous connaissons et nous nous formons directement aupr\u00e8s des \u00e9diteurs.<\/p>\n","protected":false},"excerpt":{"rendered":"<p>Nous sommes sp\u00e9cialistes R\u00e9seau et s\u00e9curit\u00e9 Nous sommes habilit\u00e9 \u00e0 analyser votre r\u00e9seau, pour cela nous effectuons un audit des ressources et une analyse fonctionnelle&hellip;<\/p>\n","protected":false},"author":1,"featured_media":0,"parent":0,"menu_order":0,"comment_status":"closed","ping_status":"closed","template":"","meta":{"footnotes":""},"class_list":["post-78","page","type-page","status-publish","hentry"],"_links":{"self":[{"href":"https:\/\/www.vm-info.fr\/index.php\/wp-json\/wp\/v2\/pages\/78","targetHints":{"allow":["GET"]}}],"collection":[{"href":"https:\/\/www.vm-info.fr\/index.php\/wp-json\/wp\/v2\/pages"}],"about":[{"href":"https:\/\/www.vm-info.fr\/index.php\/wp-json\/wp\/v2\/types\/page"}],"author":[{"embeddable":true,"href":"https:\/\/www.vm-info.fr\/index.php\/wp-json\/wp\/v2\/users\/1"}],"replies":[{"embeddable":true,"href":"https:\/\/www.vm-info.fr\/index.php\/wp-json\/wp\/v2\/comments?post=78"}],"version-history":[{"count":3,"href":"https:\/\/www.vm-info.fr\/index.php\/wp-json\/wp\/v2\/pages\/78\/revisions"}],"predecessor-version":[{"id":117,"href":"https:\/\/www.vm-info.fr\/index.php\/wp-json\/wp\/v2\/pages\/78\/revisions\/117"}],"wp:attachment":[{"href":"https:\/\/www.vm-info.fr\/index.php\/wp-json\/wp\/v2\/media?parent=78"}],"curies":[{"name":"wp","href":"https:\/\/api.w.org\/{rel}","templated":true}]}}