{"id":80,"date":"2023-09-12T11:36:06","date_gmt":"2023-09-12T09:36:06","guid":{"rendered":"https:\/\/www.vm-info.fr\/?page_id=80"},"modified":"2023-09-12T11:36:07","modified_gmt":"2023-09-12T09:36:07","slug":"vente-et-location-evolutive","status":"publish","type":"page","link":"https:\/\/www.vm-info.fr\/index.php\/vente-et-location-evolutive\/","title":{"rendered":"Vente et Location \u00e9volutive"},"content":{"rendered":"\n<h2 class=\"wp-block-heading\"><\/h2>\n\n\n\n<p>Nous aurons toujours une solution adapt\u00e9e au financement de votre mat\u00e9riel, soit la vente direct ou l\u2019\u00e9chelonnement via le biais de locations.<\/p>\n\n\n\n<h3 class=\"wp-block-heading\">Vente de mat\u00e9riels et de logiciels :<\/h3>\n\n\n\n<ul class=\"wp-block-list\">\n<li>Serveurs : (Dell, IBM, HP, Fujitsu)<\/li>\n\n\n\n<li>Postes de travail (Apple, Dell, Acer, Lenovo)<\/li>\n\n\n\n<li>P\u00e9riph\u00e9riques : Switch, imprimantes, \u00e9crans, clavier, souris\u2026(HP, DLink, Netgear)<\/li>\n\n\n\n<li>Disques R\u00e9seaux : (Synology, QNAP, Netgear)<\/li>\n\n\n\n<li>Firewall : NETASQ, Zywall<\/li>\n\n\n\n<li>Logiciels : (bureautique, antivirus, comptabilit\u00e9\u2026)<\/li>\n<\/ul>\n\n\n\n<h3 class=\"wp-block-heading\">Location \u00e9volutive :<\/h3>\n\n\n\n<ul class=\"wp-block-list\">\n<li>Optimisation financi\u00e8re : Vous conservez et ne d\u00e9gradez pas votre tr\u00e9sorerie. Indispensable dans le contexte actuel ! Vous payez la TVA sur la dur\u00e9e du contrat souscrit.<\/li>\n\n\n\n<li>Capacit\u00e9 d\u2019endettement bancaire pr\u00e9serv\u00e9e : La location est une charge et ne rentre donc pas dans le calcul du taux d\u2019endettement. Vous conservez tout votre pouvoir aupr\u00e8s de votre banque pour d\u2019autres investissements plus strat\u00e9giques (tr\u00e9sorerie, immobilier)<\/li>\n\n\n\n<li>&nbsp;La location est une charge : La location passe dans les charges d\u2019exploitation classiques, hors bilan. La location pr\u00e9serve donc le bilan et l\u2019\u00e9quilibre financier des clients<\/li>\n\n\n\n<li>\u00c9conomie fiscale : Ce sont des charges d\u00e9ductibles de votre imposition. Nous pouvons proposer des loyers major\u00e9s (10%, 20%, 30%) pour passer une grosse charge en comptabilit\u00e9 en fin d\u2019exercice<\/li>\n\n\n\n<li>\u00c9volutivit\u00e9 partielle ou totale du contrat : En phase avec l\u2019\u00e9volution technologique ou esth\u00e9tique des produits; avec l\u2019\u00e9volution du client : le rajout de mat\u00e9riels en cours de contrat est facilit\u00e9 par la location financi\u00e8re : adjonction de mat\u00e9riels \/ contrat qui \u00ab&nbsp;annule et remplace&nbsp;\u00bb<\/li>\n\n\n\n<li>Disponibilit\u00e9, rapidit\u00e9 de l\u2019accord de financement : Rapidit\u00e9 et disponibilit\u00e9 par rapport \u00e0 la banque et souplesse et ind\u00e9pendance vis-\u00e0-vis d\u2019un budget annuel d\u2019investissement<\/li>\n\n\n\n<li>Gains en Taxe professionnelle : Vous payez la Taxe Professionnelle pendant la dur\u00e9e de location : sur la valeur d\u2019origine du bien ; pendant le reste de la dur\u00e9e de vie : sur la valeur de revente<\/li>\n\n\n\n<li>Souplesse du financement :\n<ul class=\"wp-block-list\">\n<li>Sur tous montants (1000 \u20ac \u00e0 \u2026 )<\/li>\n\n\n\n<li>Sur tous loyers sous r\u00e9serve d\u2019acceptation (progressifs, d\u00e9gressifs)<\/li>\n\n\n\n<li>Sur toutes dur\u00e9es Moyen Terme (2 \u00e0 7 ans)<\/li>\n<\/ul>\n<\/li>\n<\/ul>\n","protected":false},"excerpt":{"rendered":"<p>Nous aurons toujours une solution adapt\u00e9e au financement de votre mat\u00e9riel, soit la vente direct ou l\u2019\u00e9chelonnement via le biais de locations. Vente de mat\u00e9riels&hellip;<\/p>\n","protected":false},"author":1,"featured_media":0,"parent":0,"menu_order":0,"comment_status":"closed","ping_status":"closed","template":"","meta":{"footnotes":""},"class_list":["post-80","page","type-page","status-publish","hentry"],"_links":{"self":[{"href":"https:\/\/www.vm-info.fr\/index.php\/wp-json\/wp\/v2\/pages\/80","targetHints":{"allow":["GET"]}}],"collection":[{"href":"https:\/\/www.vm-info.fr\/index.php\/wp-json\/wp\/v2\/pages"}],"about":[{"href":"https:\/\/www.vm-info.fr\/index.php\/wp-json\/wp\/v2\/types\/page"}],"author":[{"embeddable":true,"href":"https:\/\/www.vm-info.fr\/index.php\/wp-json\/wp\/v2\/users\/1"}],"replies":[{"embeddable":true,"href":"https:\/\/www.vm-info.fr\/index.php\/wp-json\/wp\/v2\/comments?post=80"}],"version-history":[{"count":1,"href":"https:\/\/www.vm-info.fr\/index.php\/wp-json\/wp\/v2\/pages\/80\/revisions"}],"predecessor-version":[{"id":81,"href":"https:\/\/www.vm-info.fr\/index.php\/wp-json\/wp\/v2\/pages\/80\/revisions\/81"}],"wp:attachment":[{"href":"https:\/\/www.vm-info.fr\/index.php\/wp-json\/wp\/v2\/media?parent=80"}],"curies":[{"name":"wp","href":"https:\/\/api.w.org\/{rel}","templated":true}]}}