{"id":84,"date":"2023-09-12T11:37:23","date_gmt":"2023-09-12T09:37:23","guid":{"rendered":"https:\/\/www.vm-info.fr\/?page_id=84"},"modified":"2023-09-12T11:37:23","modified_gmt":"2023-09-12T09:37:23","slug":"hebergement","status":"publish","type":"page","link":"https:\/\/www.vm-info.fr\/index.php\/hebergement\/","title":{"rendered":"H\u00e9bergement"},"content":{"rendered":"\n<h2 class=\"wp-block-heading\"><\/h2>\n\n\n\n<p>VM info n\u2019a pas la vocation de cr\u00e9er ni g\u00e9rer le contenu de votre site Web, nous g\u00e9rons simplement votre nom de domaine et h\u00e9bergement. Nous pouvons n\u00e9anmoins vous appuyez dans votre \u00e9tude de projet, vous conseillez et aidez \u00e0 choisir le bon partenaire ou directement vous proposez un \u00e9diteur.<\/p>\n\n\n\n<p>Nous sommes pr\u00e9sent dans le monde de l\u2019h\u00e9bergement, nous pouvons proposez d\u2019abriter votre site internet via le biais de notre partenaire OVH, nous mettons \u00e0 votre disposition, l\u2019espace de stockage, la bande passante et les bases de donn\u00e9es que vous avez besoin pour votre site et ainsi r\u00e9pondre aux attentes de vos clients.<\/p>\n\n\n\n<p>Nous g\u00e9rons bien sur \u00e9galement vos noms de domaines (.fr, .com, .eu\u2026), cr\u00e9ation, r\u00e9cup\u00e9ration, sous-domaines, redirection. Nous param\u00e9trons \u00e9galement celui ci pour des redirections vers des serveurs ou applications sp\u00e9cifiques et bien sur \u00e9tablissons le lien avec votre <a href=\"http:\/\/www.tmls.fr\/solutions\/messagerie\/\">messagerie<\/a>.<\/p>\n\n\n<div class=\"wp-block-image\">\n<figure class=\"aligncenter\"><img decoding=\"async\" src=\"http:\/\/www.tmls.fr\/wp-content\/uploads\/Hebergement.png\" alt=\"H\u00e9bergement et Messagerie \" class=\"wp-image-286\" title=\"H\u00e9bergement\"\/><\/figure>\n<\/div>\n\n\n<h2 class=\"wp-block-heading\">Cloud<\/h2>\n\n\n\n<p>Nous proposons \u00e9galement des solutions de cloud public&nbsp;(Hubic, Dropbox, \u2026)&nbsp;et priv\u00e9 ou le serveur se trouve h\u00e9berg\u00e9 chez vous ainsi plus de doute sur la s\u00e9curit\u00e9 du syst\u00e8me ou de l\u2019acc\u00e8s aux donn\u00e9es en cas de panne internet. Pour cela nous proposons des NAS \u00ab&nbsp;Network Attached Storage&nbsp;\u00bb , petit boiter install\u00e9 chez vous ainsi vous gardez totalement le contr\u00f4le. (Synology, Qnap)<\/p>\n\n\n\n<p>Et bien sur nous g\u00e9rons avec vous la mise en place et la configuration (droits d\u2019acc\u00e8s, organisation des dossiers,\u2026 ) pour que cela corresponde \u00e0 vos attentes.<\/p>\n","protected":false},"excerpt":{"rendered":"<p>VM info n\u2019a pas la vocation de cr\u00e9er ni g\u00e9rer le contenu de votre site Web, nous g\u00e9rons simplement votre nom de domaine et h\u00e9bergement.&hellip;<\/p>\n","protected":false},"author":1,"featured_media":0,"parent":0,"menu_order":0,"comment_status":"closed","ping_status":"closed","template":"","meta":{"footnotes":""},"class_list":["post-84","page","type-page","status-publish","hentry"],"_links":{"self":[{"href":"https:\/\/www.vm-info.fr\/index.php\/wp-json\/wp\/v2\/pages\/84","targetHints":{"allow":["GET"]}}],"collection":[{"href":"https:\/\/www.vm-info.fr\/index.php\/wp-json\/wp\/v2\/pages"}],"about":[{"href":"https:\/\/www.vm-info.fr\/index.php\/wp-json\/wp\/v2\/types\/page"}],"author":[{"embeddable":true,"href":"https:\/\/www.vm-info.fr\/index.php\/wp-json\/wp\/v2\/users\/1"}],"replies":[{"embeddable":true,"href":"https:\/\/www.vm-info.fr\/index.php\/wp-json\/wp\/v2\/comments?post=84"}],"version-history":[{"count":1,"href":"https:\/\/www.vm-info.fr\/index.php\/wp-json\/wp\/v2\/pages\/84\/revisions"}],"predecessor-version":[{"id":85,"href":"https:\/\/www.vm-info.fr\/index.php\/wp-json\/wp\/v2\/pages\/84\/revisions\/85"}],"wp:attachment":[{"href":"https:\/\/www.vm-info.fr\/index.php\/wp-json\/wp\/v2\/media?parent=84"}],"curies":[{"name":"wp","href":"https:\/\/api.w.org\/{rel}","templated":true}]}}