{"id":88,"date":"2023-09-12T11:39:40","date_gmt":"2023-09-12T09:39:40","guid":{"rendered":"https:\/\/www.vm-info.fr\/?page_id=88"},"modified":"2023-09-12T11:39:41","modified_gmt":"2023-09-12T09:39:41","slug":"messagerie-agenda-contact","status":"publish","type":"page","link":"https:\/\/www.vm-info.fr\/index.php\/messagerie-agenda-contact\/","title":{"rendered":"Messagerie, Agenda, Contact"},"content":{"rendered":"\n<p><\/p>\n\n\n\n<h5 class=\"wp-block-heading\">Nous proposons \u00e9galement des solutions de messagerie et partage de fichiers dans le cloud (nuage en fran\u00e7ais).Nous proposons \u00e9galement des solutions de messagerie et partage de fichiers dans le cloud (nuage en fran\u00e7ais).<\/h5>\n\n\n\n<p>Pour la messagerie, nous vous proposons des solutions professionnels fournis par les 2 grands acteurs du march\u00e9 Google et Microsoft, respectivement Google Apps et Office 365. Les solutions proposent toutes 2 une messagerie avec un grand espace de stockage (30 et 50 Go), une gestion de vos agendas et de vos contacts. Avec bien sur un param\u00e9trage compatible sur tout vos appareils (Ordinateur, T\u00e9l\u00e9phone, Tablette,\u2026) plus de casse t\u00eate pour savoir si vous avez lu votre message ou avec quel appareil vous l\u2019avez envoy\u00e9.<\/p>\n\n\n\n<p>Bien sur des adresses personnalis\u00e9es qui vous correspondent li\u00e9es a votre <a href=\"http:\/\/www.tmls.fr\/solutions\/hebergement\/\">nom de domaine<\/a>.<\/p>\n","protected":false},"excerpt":{"rendered":"<p>Nous proposons \u00e9galement des solutions de messagerie et partage de fichiers dans le cloud (nuage en fran\u00e7ais).Nous proposons \u00e9galement des solutions de messagerie et partage&hellip;<\/p>\n","protected":false},"author":1,"featured_media":0,"parent":0,"menu_order":0,"comment_status":"closed","ping_status":"closed","template":"","meta":{"footnotes":""},"class_list":["post-88","page","type-page","status-publish","hentry"],"_links":{"self":[{"href":"https:\/\/www.vm-info.fr\/index.php\/wp-json\/wp\/v2\/pages\/88","targetHints":{"allow":["GET"]}}],"collection":[{"href":"https:\/\/www.vm-info.fr\/index.php\/wp-json\/wp\/v2\/pages"}],"about":[{"href":"https:\/\/www.vm-info.fr\/index.php\/wp-json\/wp\/v2\/types\/page"}],"author":[{"embeddable":true,"href":"https:\/\/www.vm-info.fr\/index.php\/wp-json\/wp\/v2\/users\/1"}],"replies":[{"embeddable":true,"href":"https:\/\/www.vm-info.fr\/index.php\/wp-json\/wp\/v2\/comments?post=88"}],"version-history":[{"count":1,"href":"https:\/\/www.vm-info.fr\/index.php\/wp-json\/wp\/v2\/pages\/88\/revisions"}],"predecessor-version":[{"id":89,"href":"https:\/\/www.vm-info.fr\/index.php\/wp-json\/wp\/v2\/pages\/88\/revisions\/89"}],"wp:attachment":[{"href":"https:\/\/www.vm-info.fr\/index.php\/wp-json\/wp\/v2\/media?parent=88"}],"curies":[{"name":"wp","href":"https:\/\/api.w.org\/{rel}","templated":true}]}}